{"id":34,"date":"2024-03-28T14:11:10","date_gmt":"2024-03-28T13:11:10","guid":{"rendered":"http:\/\/194.59.205.173\/?page_id=34"},"modified":"2024-03-29T11:04:10","modified_gmt":"2024-03-29T10:04:10","slug":"herzlich-willkommen","status":"publish","type":"page","link":"https:\/\/lemmer.cc\/","title":{"rendered":"Herzlich Willkommen"},"content":{"rendered":"\n\n\n\n<div style=\"height:25px\" aria-hidden=\"true\" class=\"wp-block-spacer\"><\/div>\n\n\n\n<p><strong>Willkommen auf der Seite der Schreinerei und Fensterbau Lemmer GmbH &amp; Co. KG.<\/strong><br><\/p>\n\n\n\n<p>Entdecken Sie unsere vielf\u00e4ltige Produktpalette, die von Fenster- und T\u00fcrenbau bis hin zu umfassenden Renovierungen und Reparaturen reicht. Besuchen Sie uns pers\u00f6nlich in unserem Firmensitz oder kontaktieren Sie uns telefonisch oder per E-Mail f\u00fcr ein individuelles Beratungsgespr\u00e4ch.<\/p>\n\n\n\n<p>Unser Team steht Ihnen mit jahrelanger Erfahrung und Fachkenntnissen zur Seite, um auf Ihre spezifischen Anforderungen und Erwartungen einzugehen. Wir legen h\u00f6chsten Wert auf Qualit\u00e4t, Pr\u00e4zision und Professionalit\u00e4t, um Ihnen ein optimales Ergebnis zu garantieren.<\/p>\n\n\n\n<p>Lassen Sie sich von uns beraten und profitieren Sie von unserem Engagement f\u00fcr Exzellenz und Kundenzufriedenheit. Wir freuen uns darauf, Ihnen weiterhelfen zu d\u00fcrfen!<\/p>\n\n\n\n<div class=\"wp-block-buttons is-layout-flex wp-block-buttons-is-layout-flex\">\n<div class=\"wp-block-button\"><a class=\"wp-block-button__link wp-element-button\" href=\"mailto:info@lemmer.cc\">Email Kontakt<\/a><\/div>\n\n\n\n<p style=\"verticalAlignment:center\">Oder telefonisch an <a style=\"text-decoration:none\" href=\"tel:0893205729\">089\/3205729<\/a><\/p>\n<\/div>\n\n\n\n<div style=\"height:50px\" aria-hidden=\"true\" class=\"wp-block-spacer\"><\/div>\n\n\n\n","protected":false},"excerpt":{"rendered":"<p>Willkommen auf der Seite der Schreinerei und Fensterbau Lemmer GmbH &amp; Co. KG. Entdecken Sie unsere vielf\u00e4ltige Produktpalette, die von [&hellip;]<\/p>\n","protected":false},"author":1,"featured_media":0,"parent":0,"menu_order":0,"comment_status":"closed","ping_status":"closed","template":"","meta":{"site-sidebar-layout":"default","site-content-layout":"","ast-site-content-layout":"","site-content-style":"default","site-sidebar-style":"default","ast-global-header-display":"","ast-banner-title-visibility":"","ast-main-header-display":"","ast-hfb-above-header-display":"","ast-hfb-below-header-display":"","ast-hfb-mobile-header-display":"","site-post-title":"disabled","ast-breadcrumbs-content":"","ast-featured-img":"","footer-sml-layout":"","theme-transparent-header-meta":"","adv-header-id-meta":"","stick-header-meta":"","header-above-stick-meta":"","header-main-stick-meta":"","header-below-stick-meta":"","astra-migrate-meta-layouts":"default","ast-page-background-enabled":"default","ast-page-background-meta":{"desktop":{"background-color":"var(--ast-global-color-4)","background-image":"","background-repeat":"repeat","background-position":"center center","background-size":"auto","background-attachment":"scroll","background-type":"","background-media":"","overlay-type":"","overlay-color":"","overlay-gradient":""},"tablet":{"background-color":"","background-image":"","background-repeat":"repeat","background-position":"center center","background-size":"auto","background-attachment":"scroll","background-type":"","background-media":"","overlay-type":"","overlay-color":"","overlay-gradient":""},"mobile":{"background-color":"","background-image":"","background-repeat":"repeat","background-position":"center center","background-size":"auto","background-attachment":"scroll","background-type":"","background-media":"","overlay-type":"","overlay-color":"","overlay-gradient":""}},"ast-content-background-meta":{"desktop":{"background-color":"var(--ast-global-color-5)","background-image":"","background-repeat":"repeat","background-position":"center center","background-size":"auto","background-attachment":"scroll","background-type":"","background-media":"","overlay-type":"","overlay-color":"","overlay-gradient":""},"tablet":{"background-color":"var(--ast-global-color-5)","background-image":"","background-repeat":"repeat","background-position":"center center","background-size":"auto","background-attachment":"scroll","background-type":"","background-media":"","overlay-type":"","overlay-color":"","overlay-gradient":""},"mobile":{"background-color":"var(--ast-global-color-5)","background-image":"","background-repeat":"repeat","background-position":"center center","background-size":"auto","background-attachment":"scroll","background-type":"","background-media":"","overlay-type":"","overlay-color":"","overlay-gradient":""}},"footnotes":""},"class_list":["post-34","page","type-page","status-publish","hentry"],"_links":{"self":[{"href":"https:\/\/lemmer.cc\/index.php\/wp-json\/wp\/v2\/pages\/34","targetHints":{"allow":["GET"]}}],"collection":[{"href":"https:\/\/lemmer.cc\/index.php\/wp-json\/wp\/v2\/pages"}],"about":[{"href":"https:\/\/lemmer.cc\/index.php\/wp-json\/wp\/v2\/types\/page"}],"author":[{"embeddable":true,"href":"https:\/\/lemmer.cc\/index.php\/wp-json\/wp\/v2\/users\/1"}],"replies":[{"embeddable":true,"href":"https:\/\/lemmer.cc\/index.php\/wp-json\/wp\/v2\/comments?post=34"}],"version-history":[{"count":35,"href":"https:\/\/lemmer.cc\/index.php\/wp-json\/wp\/v2\/pages\/34\/revisions"}],"predecessor-version":[{"id":105,"href":"https:\/\/lemmer.cc\/index.php\/wp-json\/wp\/v2\/pages\/34\/revisions\/105"}],"wp:attachment":[{"href":"https:\/\/lemmer.cc\/index.php\/wp-json\/wp\/v2\/media?parent=34"}],"curies":[{"name":"wp","href":"https:\/\/api.w.org\/{rel}","templated":true}]}}